{"id":41,"date":"2025-12-03T17:57:02","date_gmt":"2025-12-03T17:57:02","guid":{"rendered":"https:\/\/coach-buhr.de\/?page_id=41"},"modified":"2025-12-03T17:58:36","modified_gmt":"2025-12-03T17:58:36","slug":"ordnungscoaching","status":"publish","type":"page","link":"https:\/\/coach-buhr.de\/?page_id=41","title":{"rendered":"Ordnungscoaching"},"content":{"rendered":"\n<p><strong>Ordnungscoaching im Gro\u00dfraum Hamburg \u2013 Klarheit, Struktur und Leichtigkeit schaffen<\/strong><\/p>\n\n\n\n<p>Manchmal sieht man das Sch\u00f6ne nicht mehr \u2013 weil Dinge, Aufgaben und Gedanken zu viel Raum einnehmen. Im <strong>Ordnungscoaching<\/strong> begleite ich Dich dabei, wieder Struktur, \u00dcbersicht und Leichtigkeit in Dein Leben zu bringen. Als <strong>systemische Coachin und Ordnungscoach in Hamburg<\/strong> helfe ich Dir, Ordnung zu schaffen \u2013 im Au\u00dfen wie im Inneren.<\/p>\n\n\n\n<figure class=\"wp-block-image size-large\"><img fetchpriority=\"high\" decoding=\"async\" width=\"1024\" height=\"1024\" src=\"https:\/\/coach-buhr.de\/wp-content\/uploads\/2025\/12\/port1-1024x1024.jpg\" alt=\"\" class=\"wp-image-32\" srcset=\"https:\/\/coach-buhr.de\/wp-content\/uploads\/2025\/12\/port1-1024x1024.jpg 1024w, https:\/\/coach-buhr.de\/wp-content\/uploads\/2025\/12\/port1-300x300.jpg 300w, https:\/\/coach-buhr.de\/wp-content\/uploads\/2025\/12\/port1-150x150.jpg 150w, https:\/\/coach-buhr.de\/wp-content\/uploads\/2025\/12\/port1-768x768.jpg 768w, https:\/\/coach-buhr.de\/wp-content\/uploads\/2025\/12\/port1-1200x1200.jpg 1200w, https:\/\/coach-buhr.de\/wp-content\/uploads\/2025\/12\/port1.jpg 1500w\" sizes=\"(max-width: 1024px) 100vw, 1024px\" \/><\/figure>\n\n\n\n<p>Beim <strong>Aufr\u00e4umcoaching<\/strong> geht es nicht nur darum, Dinge auszusortieren, sondern bewusste Entscheidungen zu treffen: Was unterst\u00fctzt Dich in Deinem Alltag? Was darf gehen? Inspiriert von den Prinzipien von <strong>Marie Kondo<\/strong> steht die Freude im Mittelpunkt:<\/p>\n\n\n\n<blockquote class=\"wp-block-quote is-layout-flow wp-block-quote-is-layout-flow\">\n<p><em>Was l\u00e4sst Dein Herz wirklich aufleuchten?<\/em> <\/p>\n<\/blockquote>\n\n\n\n<p>So entsteht eine Umgebung, die Dir Energie schenkt und in der Du Dich wieder wohlf\u00fchlst.<\/p>\n\n\n\n<p>Ich begleite Dich dabei, Deine R\u00e4ume, Schr\u00e4nke oder Regale neu zu ordnen \u2013 Schritt f\u00fcr Schritt, mit einem klaren, achtsamen Blick. Oft zeigt sich dabei, dass \u00e4u\u00dfere Ordnung auch innere Klarheit schafft. Als <strong>systemischer Coach<\/strong> unterst\u00fctze ich Dich darin, Loslassen zu lernen, Priorit\u00e4ten zu setzen und eine Struktur zu entwickeln, die wirklich zu Dir passt.<\/p>\n\n\n\n<p>Ob im privaten Umfeld oder im beruflichen Kontext \u2013 das <strong>Ordnungscoaching<\/strong> hilft Dir, Platz zu schaffen f\u00fcr das, was wirklich z\u00e4hlt. Gemeinsam gestalten wir R\u00e4ume, die Dich st\u00e4rken und in denen Du Dich wieder zu Hause f\u00fchlst.<\/p>\n","protected":false},"excerpt":{"rendered":"<p>Ordnungscoaching im Gro\u00dfraum Hamburg \u2013 Klarheit, Struktur und Leichtigkeit schaffen Manchmal sieht man das Sch\u00f6ne nicht mehr \u2013 weil Dinge, Aufgaben und Gedanken zu viel Raum einnehmen. Im Ordnungscoaching begleite ich Dich dabei, wieder Struktur, \u00dcbersicht und Leichtigkeit in Dein Leben zu bringen. Als systemische Coachin und Ordnungscoach in Hamburg helfe ich Dir, Ordnung zu [&hellip;]<\/p>\n","protected":false},"author":2,"featured_media":0,"parent":0,"menu_order":3,"comment_status":"closed","ping_status":"closed","template":"","meta":{"footnotes":""},"class_list":["post-41","page","type-page","status-publish","hentry"],"_links":{"self":[{"href":"https:\/\/coach-buhr.de\/index.php?rest_route=\/wp\/v2\/pages\/41","targetHints":{"allow":["GET"]}}],"collection":[{"href":"https:\/\/coach-buhr.de\/index.php?rest_route=\/wp\/v2\/pages"}],"about":[{"href":"https:\/\/coach-buhr.de\/index.php?rest_route=\/wp\/v2\/types\/page"}],"author":[{"embeddable":true,"href":"https:\/\/coach-buhr.de\/index.php?rest_route=\/wp\/v2\/users\/2"}],"replies":[{"embeddable":true,"href":"https:\/\/coach-buhr.de\/index.php?rest_route=%2Fwp%2Fv2%2Fcomments&post=41"}],"version-history":[{"count":1,"href":"https:\/\/coach-buhr.de\/index.php?rest_route=\/wp\/v2\/pages\/41\/revisions"}],"predecessor-version":[{"id":42,"href":"https:\/\/coach-buhr.de\/index.php?rest_route=\/wp\/v2\/pages\/41\/revisions\/42"}],"wp:attachment":[{"href":"https:\/\/coach-buhr.de\/index.php?rest_route=%2Fwp%2Fv2%2Fmedia&parent=41"}],"curies":[{"name":"wp","href":"https:\/\/api.w.org\/{rel}","templated":true}]}}