{"id":39,"date":"2025-12-03T17:54:30","date_gmt":"2025-12-03T17:54:30","guid":{"rendered":"https:\/\/coach-buhr.de\/?page_id=39"},"modified":"2025-12-03T18:12:49","modified_gmt":"2025-12-03T18:12:49","slug":"thematische-workshops","status":"publish","type":"page","link":"https:\/\/coach-buhr.de\/?page_id=39","title":{"rendered":"Thematische Workshops"},"content":{"rendered":"\n<p>Ver\u00e4nderung beginnt oft mit einem gemeinsamen Gespr\u00e4ch \u2013 und mit der Bereitschaft, Dinge neu zu betrachten. In meinen <strong>thematischen Workshops<\/strong> biete ich Raum, um aktuelle Themen, Entwicklungen oder Herausforderungen gemeinsam zu beleuchten und in Bewegung zu bringen. Die Workshops richten sich an <strong>Teams<\/strong>, <strong>Abteilungen<\/strong> oder Gruppen, die Ver\u00e4nderung aktiv gestalten und neue Perspektiven gewinnen m\u00f6chten.<\/p>\n\n\n\n<figure class=\"wp-block-image size-large\"><img fetchpriority=\"high\" decoding=\"async\" width=\"1024\" height=\"1024\" src=\"https:\/\/coach-buhr.de\/wp-content\/uploads\/2025\/12\/port1-1024x1024.jpg\" alt=\"\" class=\"wp-image-32\" srcset=\"https:\/\/coach-buhr.de\/wp-content\/uploads\/2025\/12\/port1-1024x1024.jpg 1024w, https:\/\/coach-buhr.de\/wp-content\/uploads\/2025\/12\/port1-300x300.jpg 300w, https:\/\/coach-buhr.de\/wp-content\/uploads\/2025\/12\/port1-150x150.jpg 150w, https:\/\/coach-buhr.de\/wp-content\/uploads\/2025\/12\/port1-768x768.jpg 768w, https:\/\/coach-buhr.de\/wp-content\/uploads\/2025\/12\/port1-1200x1200.jpg 1200w, https:\/\/coach-buhr.de\/wp-content\/uploads\/2025\/12\/port1.jpg 1500w\" sizes=\"(max-width: 1024px) 100vw, 1024px\" \/><\/figure>\n\n\n\n<p>Die Anl\u00e4sse k\u00f6nnen ganz unterschiedlich sein: Vielleicht steht eine <strong>Umstrukturierung<\/strong> an, die <strong>Aufgabenverteilung<\/strong> soll neu gedacht werden oder Ihr m\u00f6chtet Euer Verst\u00e4ndnis von <strong>New Work<\/strong> und <strong>agilen Arbeitsmethoden<\/strong> vertiefen. Manchmal geht es auch um ganz praktische Themen wie <strong>Konfliktgespr\u00e4che f\u00fchren<\/strong>, <strong>Work-Family-Balance im Team<\/strong> oder darum, agile Methoden wie <strong>Kanban<\/strong> kennenzulernen \u2013 und zu verstehen, was dahinter steckt und wie sie im eigenen Arbeitsalltag sinnvoll eingesetzt werden k\u00f6nnen.<\/p>\n\n\n\n<p>Als <strong>systemische Beraterin und Agile Coach<\/strong> begleite ich diese Prozesse mit einem klaren Blick auf Dynamiken, Rollen und Zusammenh\u00e4nge. In meinen Workshops werden nicht einfach Methoden vermittelt \u2013 sie entstehen im Dialog und orientieren sich an den konkreten Anliegen der Teilnehmenden. So entstehen lebendige Lernr\u00e4ume, in denen Teams ihre Zusammenarbeit reflektieren, neue Energie sch\u00f6pfen und tragf\u00e4hige L\u00f6sungen entwickeln k\u00f6nnen.<\/p>\n","protected":false},"excerpt":{"rendered":"<p>Ver\u00e4nderung beginnt oft mit einem gemeinsamen Gespr\u00e4ch \u2013 und mit der Bereitschaft, Dinge neu zu betrachten. In meinen thematischen Workshops biete ich Raum, um aktuelle Themen, Entwicklungen oder Herausforderungen gemeinsam zu beleuchten und in Bewegung zu bringen. Die Workshops richten sich an Teams, Abteilungen oder Gruppen, die Ver\u00e4nderung aktiv gestalten und neue Perspektiven gewinnen m\u00f6chten. [&hellip;]<\/p>\n","protected":false},"author":2,"featured_media":0,"parent":0,"menu_order":0,"comment_status":"closed","ping_status":"closed","template":"","meta":{"footnotes":""},"class_list":["post-39","page","type-page","status-publish","hentry"],"_links":{"self":[{"href":"https:\/\/coach-buhr.de\/index.php?rest_route=\/wp\/v2\/pages\/39","targetHints":{"allow":["GET"]}}],"collection":[{"href":"https:\/\/coach-buhr.de\/index.php?rest_route=\/wp\/v2\/pages"}],"about":[{"href":"https:\/\/coach-buhr.de\/index.php?rest_route=\/wp\/v2\/types\/page"}],"author":[{"embeddable":true,"href":"https:\/\/coach-buhr.de\/index.php?rest_route=\/wp\/v2\/users\/2"}],"replies":[{"embeddable":true,"href":"https:\/\/coach-buhr.de\/index.php?rest_route=%2Fwp%2Fv2%2Fcomments&post=39"}],"version-history":[{"count":4,"href":"https:\/\/coach-buhr.de\/index.php?rest_route=\/wp\/v2\/pages\/39\/revisions"}],"predecessor-version":[{"id":52,"href":"https:\/\/coach-buhr.de\/index.php?rest_route=\/wp\/v2\/pages\/39\/revisions\/52"}],"wp:attachment":[{"href":"https:\/\/coach-buhr.de\/index.php?rest_route=%2Fwp%2Fv2%2Fmedia&parent=39"}],"curies":[{"name":"wp","href":"https:\/\/api.w.org\/{rel}","templated":true}]}}